{"id":4576,"date":"2020-11-06T10:29:06","date_gmt":"2020-12-28T09:07:42","guid":{"rendered":"http:\/\/rayt.com\/?post_type=product&#038;p=4576"},"modified":"2021-02-12T11:02:55","modified_gmt":"2021-02-12T11:02:55","slug":"g-6677-blanco","status":"publish","type":"product","link":"https:\/\/rayt.com\/fr\/producto\/g-6677-blanco\/","title":{"rendered":"G-6677-BLANCO"},"content":{"rendered":"<p>HOT-MELT BLANC POUR LA RELIURE DES LIVRES ET MAGAZINES. BLANC PIGMENT\u00c9E.<br \/>\nAdh\u00e9sif sp\u00e9cial pigment\u00e9 blanc pour la reliure.<\/p>\n<h4>CARACTERISTIQUES<\/h4>\n<p>Tr\u00e8s appropri\u00e9 pour les travaux \u00e0 grand tirage et des vitesses \u00e9lev\u00e9es.<br \/>\nAdh\u00e9sif pour le dos de livres dans les machines automatiques.<br \/>\nCouleur blanche.<\/p>\n","protected":false},"excerpt":{"rendered":"<p>HOT-MELT BLANC POUR LA RELIURE DES LIVRES ET MAGAZINES. BLANC<\/p>\n","protected":false},"featured_media":2876,"comment_status":"open","ping_status":"closed","template":"","meta":{"_acf_changed":false},"product_cat":[599,1326,602,605,614],"product_tag":[],"acf":[],"_links":{"self":[{"href":"https:\/\/rayt.com\/fr\/wp-json\/wp\/v2\/product\/4576"}],"collection":[{"href":"https:\/\/rayt.com\/fr\/wp-json\/wp\/v2\/product"}],"about":[{"href":"https:\/\/rayt.com\/fr\/wp-json\/wp\/v2\/types\/product"}],"replies":[{"embeddable":true,"href":"https:\/\/rayt.com\/fr\/wp-json\/wp\/v2\/comments?post=4576"}],"wp:featuredmedia":[{"embeddable":true,"href":"https:\/\/rayt.com\/fr\/wp-json\/wp\/v2\/media\/2876"}],"wp:attachment":[{"href":"https:\/\/rayt.com\/fr\/wp-json\/wp\/v2\/media?parent=4576"}],"wp:term":[{"taxonomy":"product_cat","embeddable":true,"href":"https:\/\/rayt.com\/fr\/wp-json\/wp\/v2\/product_cat?post=4576"},{"taxonomy":"product_tag","embeddable":true,"href":"https:\/\/rayt.com\/fr\/wp-json\/wp\/v2\/product_tag?post=4576"}],"curies":[{"name":"wp","href":"https:\/\/api.w.org\/{rel}","templated":true}]}}