{"id":5000,"date":"2020-11-06T10:34:23","date_gmt":"2020-12-28T09:44:41","guid":{"rendered":"http:\/\/rayt.com\/?post_type=product&#038;p=5000"},"modified":"2021-02-12T11:07:04","modified_gmt":"2021-02-12T11:07:04","slug":"g-6784","status":"publish","type":"product","link":"https:\/\/rayt.com\/fr\/producto\/g-6784\/","title":{"rendered":"G-6784"},"content":{"rendered":"<p>HOT-MELT BLANC POUR LA RELIURE DES LIVRES ET MAGAZINES. BLANC NATUREL.<br \/>\nAdh\u00e9sif en couleur blanc naturel sp\u00e9cial pour la reliure.<\/p>\n<h4>CARACTERISTIQUES<\/h4>\n<p>Adh\u00e9sif pour dos des livres. Pour les machines \u00e0 vitesse \u00e9lev\u00e9.<br \/>\nTemps ouvert moyen-curt.<br \/>\nS\u00e9chage tr\u00e8s rapide.<br \/>\nBonne \u00e9lasticit\u00e9.<\/p>\n","protected":false},"excerpt":{"rendered":"<p>HOT-MELT BLANC POUR LA RELIURE DES LIVRES ET MAGAZINES. BLANC<\/p>\n","protected":false},"featured_media":2876,"comment_status":"open","ping_status":"closed","template":"","meta":{"_acf_changed":false},"product_cat":[599,1326,602,605,614],"product_tag":[],"acf":[],"_links":{"self":[{"href":"https:\/\/rayt.com\/fr\/wp-json\/wp\/v2\/product\/5000"}],"collection":[{"href":"https:\/\/rayt.com\/fr\/wp-json\/wp\/v2\/product"}],"about":[{"href":"https:\/\/rayt.com\/fr\/wp-json\/wp\/v2\/types\/product"}],"replies":[{"embeddable":true,"href":"https:\/\/rayt.com\/fr\/wp-json\/wp\/v2\/comments?post=5000"}],"wp:featuredmedia":[{"embeddable":true,"href":"https:\/\/rayt.com\/fr\/wp-json\/wp\/v2\/media\/2876"}],"wp:attachment":[{"href":"https:\/\/rayt.com\/fr\/wp-json\/wp\/v2\/media?parent=5000"}],"wp:term":[{"taxonomy":"product_cat","embeddable":true,"href":"https:\/\/rayt.com\/fr\/wp-json\/wp\/v2\/product_cat?post=5000"},{"taxonomy":"product_tag","embeddable":true,"href":"https:\/\/rayt.com\/fr\/wp-json\/wp\/v2\/product_tag?post=5000"}],"curies":[{"name":"wp","href":"https:\/\/api.w.org\/{rel}","templated":true}]}}