{"id":5028,"date":"2020-12-28T10:50:12","date_gmt":"2020-12-28T13:07:14","guid":{"rendered":"http:\/\/rayt.com\/?post_type=product&#038;p=5028"},"modified":"2021-06-17T15:05:41","modified_gmt":"2021-06-17T15:05:41","slug":"g-1435-ti","status":"publish","type":"product","link":"https:\/\/rayt.com\/fr\/producto\/g-1435-ti\/","title":{"rendered":"G-1435-TI"},"content":{"rendered":"<div id=\"description_block\">\n<div id=\"description_content\" class=\"rte align_justify\">\n<div id=\"description_block\">\n<div id=\"description_content\" class=\"rte align_justify\">\n<div id=\"description_block\">\n<div id=\"description_content\" class=\"rte align_justify\">\n<div id=\"description_block\">\n<div id=\"description_content\" class=\"rte align_justify\">\n<p>COLLE AQUEUSE POUR LE COLLAGE POINTE-POINTE DE PAPIER TISSU.<\/p>\n<\/div>\n<div id=\"description_content\" class=\"rte align_justify\">\n<p>Adh\u00e9sif en base de polym\u00e8res solubles dans l&rsquo;eau pour application dans le domaine du papier tissue.<br \/>\nCon\u00e7u pour la lamination ou collage pointe-pointe dans la fabrication de mat\u00e9riaux multicouches.<br \/>\nHaute adh\u00e9rence.<br \/>\nPermet \u00eatre r\u00e9 dissous.<\/p>\n<\/div>\n<\/div>\n<h4>CARACTERISTIQUES<\/h4>\n<p>Sans solvants.<br \/>\nAdh\u00e9sif concentr\u00e9 qui peut \u00eatre dilu\u00e9 dans une proportion d\u20191 partie d\u2019adh\u00e9sif par 3-4 parties d\u2019eau.<br \/>\nConforme FDA 175.105 pour contact alimentaire indirect.<\/p>\n<\/div>\n<\/div>\n<\/div>\n<\/div>\n<\/div>\n<\/div>\n","protected":false},"excerpt":{"rendered":"<p>COLLE AQUEUSE POUR LE COLLAGE POINTE-POINTE DE PAPIER TISSU. Adh\u00e9sif<\/p>\n","protected":false},"featured_media":4022,"comment_status":"open","ping_status":"closed","template":"","meta":{"_acf_changed":false},"product_cat":[1070,1320,1067,602,771],"product_tag":[],"acf":[],"_links":{"self":[{"href":"https:\/\/rayt.com\/fr\/wp-json\/wp\/v2\/product\/5028"}],"collection":[{"href":"https:\/\/rayt.com\/fr\/wp-json\/wp\/v2\/product"}],"about":[{"href":"https:\/\/rayt.com\/fr\/wp-json\/wp\/v2\/types\/product"}],"replies":[{"embeddable":true,"href":"https:\/\/rayt.com\/fr\/wp-json\/wp\/v2\/comments?post=5028"}],"wp:featuredmedia":[{"embeddable":true,"href":"https:\/\/rayt.com\/fr\/wp-json\/wp\/v2\/media\/4022"}],"wp:attachment":[{"href":"https:\/\/rayt.com\/fr\/wp-json\/wp\/v2\/media?parent=5028"}],"wp:term":[{"taxonomy":"product_cat","embeddable":true,"href":"https:\/\/rayt.com\/fr\/wp-json\/wp\/v2\/product_cat?post=5028"},{"taxonomy":"product_tag","embeddable":true,"href":"https:\/\/rayt.com\/fr\/wp-json\/wp\/v2\/product_tag?post=5028"}],"curies":[{"name":"wp","href":"https:\/\/api.w.org\/{rel}","templated":true}]}}