{"id":5033,"date":"2020-10-27T09:00:02","date_gmt":"2020-12-28T21:24:12","guid":{"rendered":"http:\/\/rayt.com\/?post_type=product&#038;p=5033"},"modified":"2020-12-28T21:24:13","modified_gmt":"2020-12-28T21:24:13","slug":"primacola-c-20","status":"publish","type":"product","link":"https:\/\/rayt.com\/fr\/producto\/primacola-c-20\/","title":{"rendered":"Primacola C-20"},"content":{"rendered":"<div id=\"description_block\">\n<div id=\"description_content\" class=\"rte align_justify\">\n<div id=\"description_block\">\n<div id=\"description_content\" class=\"rte align_justify\">\n<div id=\"description_block\">\n<div id=\"description_content\" class=\"rte align_justify\">\n<p>ADH\u00c9SIF ACRYLIQUE UNILAT\u00c9RALE EN BASE AQUEUSE.<\/p>\n<\/div>\n<div id=\"description_content\" class=\"rte align_justify\">\n<p>Adh\u00e9sif acrylique pour le sol PVC, les tapis et toutes sortes de rev\u00eatements textiles avec diff\u00e9rents dos. Planchers et murs. La consommation est de 250-400 g\/m\u00b2.<\/p>\n<\/div>\n<\/div>\n<h4>CARACTERISTIQUES<\/h4>\n<p>Appropri\u00e9 pour la compression de fauteuils roulants selon la norme EN 12,529, pour les syst\u00e8mes de chauffage radiant et pour des m\u00e9thodes de nettoyage (injection \/ extraction).<br \/>\nAppropri\u00e9 pour les zones r\u00e9sidentielles \/ commerciales \/ industrielles, telles que les h\u00f4pitaux, les centres commerciaux, les installations sportives.<br \/>\nApplication avec rouleau.<br \/>\nEncollage initiale rapide avec formation de fils (brins).<br \/>\nSans solvants. ININFLAMMABLE.<br \/>\nHaute r\u00e9sistance finale.<br \/>\nTemps d&rsquo;a\u00e9ration curt.<br \/>\nBonne \u00e9lasticit\u00e9.<\/p>\n<\/div>\n<\/div>\n<\/div>\n<\/div>\n","protected":false},"excerpt":{"rendered":"<p>ADH\u00c9SIF ACRYLIQUE UNILAT\u00c9RALE EN BASE AQUEUSE. Adh\u00e9sif acrylique pour le<\/p>\n","protected":false},"featured_media":5675,"comment_status":"open","ping_status":"closed","template":"","meta":{"_acf_changed":false},"product_cat":[554,437],"product_tag":[],"acf":[],"_links":{"self":[{"href":"https:\/\/rayt.com\/fr\/wp-json\/wp\/v2\/product\/5033"}],"collection":[{"href":"https:\/\/rayt.com\/fr\/wp-json\/wp\/v2\/product"}],"about":[{"href":"https:\/\/rayt.com\/fr\/wp-json\/wp\/v2\/types\/product"}],"replies":[{"embeddable":true,"href":"https:\/\/rayt.com\/fr\/wp-json\/wp\/v2\/comments?post=5033"}],"wp:featuredmedia":[{"embeddable":true,"href":"https:\/\/rayt.com\/fr\/wp-json\/wp\/v2\/media\/5675"}],"wp:attachment":[{"href":"https:\/\/rayt.com\/fr\/wp-json\/wp\/v2\/media?parent=5033"}],"wp:term":[{"taxonomy":"product_cat","embeddable":true,"href":"https:\/\/rayt.com\/fr\/wp-json\/wp\/v2\/product_cat?post=5033"},{"taxonomy":"product_tag","embeddable":true,"href":"https:\/\/rayt.com\/fr\/wp-json\/wp\/v2\/product_tag?post=5033"}],"curies":[{"name":"wp","href":"https:\/\/api.w.org\/{rel}","templated":true}]}}