{"id":5041,"date":"2020-10-19T08:08:19","date_gmt":"2020-12-29T07:43:25","guid":{"rendered":"http:\/\/rayt.com\/?post_type=product&#038;p=5041"},"modified":"2021-02-25T08:50:17","modified_gmt":"2021-02-25T08:50:17","slug":"cola-blanca-extra","status":"publish","type":"product","link":"https:\/\/rayt.com\/fr\/producto\/cola-blanca-extra\/","title":{"rendered":"Cola Blanca Extra"},"content":{"rendered":"<div id=\"description_block\">\n<div id=\"description_content\" class=\"rte align_justify\">\n<div id=\"description_block\">\n<div id=\"description_content\" class=\"rte align_justify\">\n<div id=\"description_content\" class=\"rte align_justify\">\n<div id=\"description_block\">\n<div id=\"description_content\" class=\"rte align_justify\">\n<p>COLLE EN DISPERSION AQUEUSE PVA PR\u00caT \u00c0 UTILISER POUR LE BOIS, LE PAPIER, LE CARTON.<\/p>\n<\/div>\n<div id=\"description_content\" class=\"rte align_justify\">\n<p>Adh\u00e9sif de tr\u00e8s haute qualit\u00e9, rapide, pour bois-bois, bois-stratifi\u00e9 plastique, papier, carton, c\u00e9ramique, sur tout type de mat\u00e9riaux poreux.<\/p>\n<\/div>\n<\/div>\n<h4>CARACTERISTIQUES<\/h4>\n<p>Appropri\u00e9 pour les bois durs et\/ou avec un haut contenu \u00e0 tanin (tandis que le contact avec des mat\u00e9riaux ferreux est \u00e9vit\u00e9).<br \/>\nAdh\u00e9sif de tr\u00e8s haute qualit\u00e9, appropri\u00e9 pour plusieurs travaux dans la menuiserie.<br \/>\nEncollages tr\u00e8s r\u00e9sistants \u00e0 la traction et \u00e0 la chaleur.<br \/>\nApplicable par collage rouleau, brosse, etc.<br \/>\nTemps de s\u00e9chage \u00e0 grande vitesse.<\/p>\n<\/div>\n<\/div>\n<\/div>\n<\/div>\n<\/div>\n","protected":false},"excerpt":{"rendered":"<p>COLLE EN DISPERSION AQUEUSE PVA PR\u00caT \u00c0 UTILISER POUR LE<\/p>\n","protected":false},"featured_media":5373,"comment_status":"open","ping_status":"closed","template":"","meta":{"_acf_changed":false},"product_cat":[431,437],"product_tag":[],"acf":[],"_links":{"self":[{"href":"https:\/\/rayt.com\/fr\/wp-json\/wp\/v2\/product\/5041"}],"collection":[{"href":"https:\/\/rayt.com\/fr\/wp-json\/wp\/v2\/product"}],"about":[{"href":"https:\/\/rayt.com\/fr\/wp-json\/wp\/v2\/types\/product"}],"replies":[{"embeddable":true,"href":"https:\/\/rayt.com\/fr\/wp-json\/wp\/v2\/comments?post=5041"}],"wp:featuredmedia":[{"embeddable":true,"href":"https:\/\/rayt.com\/fr\/wp-json\/wp\/v2\/media\/5373"}],"wp:attachment":[{"href":"https:\/\/rayt.com\/fr\/wp-json\/wp\/v2\/media?parent=5041"}],"wp:term":[{"taxonomy":"product_cat","embeddable":true,"href":"https:\/\/rayt.com\/fr\/wp-json\/wp\/v2\/product_cat?post=5041"},{"taxonomy":"product_tag","embeddable":true,"href":"https:\/\/rayt.com\/fr\/wp-json\/wp\/v2\/product_tag?post=5041"}],"curies":[{"name":"wp","href":"https:\/\/api.w.org\/{rel}","templated":true}]}}