{"id":5047,"date":"2020-10-19T12:39:15","date_gmt":"2020-12-29T07:51:19","guid":{"rendered":"http:\/\/rayt.com\/?post_type=product&#038;p=5047"},"modified":"2021-02-02T15:51:26","modified_gmt":"2021-02-02T15:51:26","slug":"cola-blanca-sprint-d3","status":"publish","type":"product","link":"https:\/\/rayt.com\/fr\/producto\/cola-blanca-sprint-d3\/","title":{"rendered":"COLA BLANCA SPRINT D3"},"content":{"rendered":"<div id=\"description_block\">\n<div id=\"description_content\" class=\"rte align_justify\">\n<div id=\"description_block\">\n<div id=\"description_content\" class=\"rte align_justify\">\n<div id=\"description_block\">\n<div id=\"description_content\" class=\"rte align_justify\">\n<p>ADH\u00c9SIF EN DISPERSION AQUEUSE PVA, R\u00c9SISTANT \u00c0 L&rsquo;HUMIDIT\u00c9.<\/p>\n<\/div>\n<div id=\"description_content\" class=\"rte align_justify\">\n<p>Adh\u00e9sif appropri\u00e9 pour l&rsquo;encollage de bois n\u00e9cessitant une grande r\u00e9sistance \u00e0 l&rsquo;humidit\u00e9.<br \/>\nConforme \u00e0 la norme D3 selon EN 204\/205.<\/p>\n<\/div>\n<\/div>\n<h4>CARACTERISTIQUES<\/h4>\n<p>Excellente p\u00e9n\u00e9tration dans le bois, appropri\u00e9 \u00e0 toutes les applications o\u00f9 une bonne r\u00e9sistance \u00e0 l&rsquo;eau, la chaleur et la traction est n\u00e9cessaire.<br \/>\nR\u00e9sistant \u00e0 l&rsquo;humidit\u00e9, est conforme \u00e0 EN 204 D3 avec le durcisseur, est conforme \u00e0 EN 204 D4.<br \/>\nTr\u00e8s peu de coloration dans des bois sensibles.<br \/>\nApplicable par collage rouleau, brosse, etc.<\/p>\n<\/div>\n<\/div>\n<\/div>\n<\/div>\n","protected":false},"excerpt":{"rendered":"<p>ADH\u00c9SIF EN DISPERSION AQUEUSE PVA, R\u00c9SISTANT \u00c0 L&rsquo;HUMIDIT\u00c9. Adh\u00e9sif appropri\u00e9<\/p>\n","protected":false},"featured_media":5048,"comment_status":"open","ping_status":"closed","template":"","meta":{"_acf_changed":false},"product_cat":[],"product_tag":[],"acf":[],"_links":{"self":[{"href":"https:\/\/rayt.com\/fr\/wp-json\/wp\/v2\/product\/5047"}],"collection":[{"href":"https:\/\/rayt.com\/fr\/wp-json\/wp\/v2\/product"}],"about":[{"href":"https:\/\/rayt.com\/fr\/wp-json\/wp\/v2\/types\/product"}],"replies":[{"embeddable":true,"href":"https:\/\/rayt.com\/fr\/wp-json\/wp\/v2\/comments?post=5047"}],"wp:featuredmedia":[{"embeddable":true,"href":"https:\/\/rayt.com\/fr\/wp-json\/wp\/v2\/media\/5048"}],"wp:attachment":[{"href":"https:\/\/rayt.com\/fr\/wp-json\/wp\/v2\/media?parent=5047"}],"wp:term":[{"taxonomy":"product_cat","embeddable":true,"href":"https:\/\/rayt.com\/fr\/wp-json\/wp\/v2\/product_cat?post=5047"},{"taxonomy":"product_tag","embeddable":true,"href":"https:\/\/rayt.com\/fr\/wp-json\/wp\/v2\/product_tag?post=5047"}],"curies":[{"name":"wp","href":"https:\/\/api.w.org\/{rel}","templated":true}]}}