{"id":5064,"date":"2020-11-05T09:17:16","date_gmt":"2020-12-29T08:06:26","guid":{"rendered":"http:\/\/rayt.com\/?post_type=product&#038;p=5064"},"modified":"2020-12-29T08:06:26","modified_gmt":"2020-12-29T08:06:26","slug":"g-6660-future","status":"publish","type":"product","link":"https:\/\/rayt.com\/fr\/producto\/g-6660-future\/","title":{"rendered":"G-6660 FUTURE"},"content":{"rendered":"<div id=\"description_block\">\n<div id=\"description_content\" class=\"rte align_justify\">\n<div id=\"description_block\">\n<div id=\"description_content\" class=\"rte align_justify\">\n<div id=\"description_block\">\n<div id=\"description_content\" class=\"rte align_justify\">\n<p>ADH\u00c9SIF THERMOFUSIBLE RAPIDE, CLAIR, DE HAUTE PERFORMANCE POUR LA FORMATION ET SC\u00c9LLAGE DE BO\u00ceTES CARTON.<\/p>\n<\/div>\n<div id=\"description_content\" class=\"rte align_justify\">\n<p>Adh\u00e9sif de haute qualit\u00e9, adapt\u00e9 pour la formation et scellage de cartons dans des machines automatiques. Particuli\u00e8rement adapt\u00e9 pour des lignes \u00e0 grande vitesse et des bo\u00eetes \u00ab\u00a0wrap-around\u00a0\u00bb.<\/p>\n<\/div>\n<\/div>\n<h4>CARACTERISTIQUES<\/h4>\n<p>Formation et fermeture des bo\u00eetes en carton dans des machines automatiques.<br \/>\nTemp\u00e9rature d&rsquo;application: 160-180\u00baC.<br \/>\nExcellente stabilit\u00e9 thermique.<br \/>\nNiveau d&rsquo;odeur tr\u00e8s faible.<br \/>\n\u00c9tuis.<br \/>\nConforme FDA 175.105 pour contact alimentaire indirect.<\/p>\n<\/div>\n<\/div>\n<\/div>\n<\/div>\n","protected":false},"excerpt":{"rendered":"<p>ADH\u00c9SIF THERMOFUSIBLE RAPIDE, CLAIR, DE HAUTE PERFORMANCE POUR LA FORMATION<\/p>\n","protected":false},"featured_media":3188,"comment_status":"open","ping_status":"closed","template":"","meta":{"_acf_changed":false},"product_cat":[671,662,602,653],"product_tag":[],"acf":[],"_links":{"self":[{"href":"https:\/\/rayt.com\/fr\/wp-json\/wp\/v2\/product\/5064"}],"collection":[{"href":"https:\/\/rayt.com\/fr\/wp-json\/wp\/v2\/product"}],"about":[{"href":"https:\/\/rayt.com\/fr\/wp-json\/wp\/v2\/types\/product"}],"replies":[{"embeddable":true,"href":"https:\/\/rayt.com\/fr\/wp-json\/wp\/v2\/comments?post=5064"}],"wp:featuredmedia":[{"embeddable":true,"href":"https:\/\/rayt.com\/fr\/wp-json\/wp\/v2\/media\/3188"}],"wp:attachment":[{"href":"https:\/\/rayt.com\/fr\/wp-json\/wp\/v2\/media?parent=5064"}],"wp:term":[{"taxonomy":"product_cat","embeddable":true,"href":"https:\/\/rayt.com\/fr\/wp-json\/wp\/v2\/product_cat?post=5064"},{"taxonomy":"product_tag","embeddable":true,"href":"https:\/\/rayt.com\/fr\/wp-json\/wp\/v2\/product_tag?post=5064"}],"curies":[{"name":"wp","href":"https:\/\/api.w.org\/{rel}","templated":true}]}}