{"id":5072,"date":"2020-11-06T09:43:00","date_gmt":"2020-12-29T08:20:23","guid":{"rendered":"http:\/\/rayt.com\/?post_type=product&#038;p=5072"},"modified":"2021-02-12T08:48:35","modified_gmt":"2021-02-12T08:48:35","slug":"ma-1530-pm-rojo-uv","status":"publish","type":"product","link":"https:\/\/rayt.com\/fr\/producto\/ma-1530-pm-rojo-uv\/","title":{"rendered":"MA-1530-PM ROJO UV"},"content":{"rendered":"<div id=\"description_block\">\n<div id=\"description_content\" class=\"rte align_justify\">\n<div id=\"description_block\">\n<div id=\"description_content\" class=\"rte align_justify\">\n<div id=\"description_block\">\n<div id=\"description_content\" class=\"rte align_justify\">\n<p>COLLE POLYURETHANE EN DISPERSION POUR LA PRESSE \u00c0 MEMBRANE. ROUGE ET AVEC DETECTEUR UV.<\/p>\n<\/div>\n<div id=\"description_content\" class=\"rte align_justify\">\n<p>Adh\u00e9sif pour la lamination \u00e0 plat ou tridimensionnelle de feuilles plastiques avec presse \u00e0 membrane ou vide.<br \/>\nCouleur rouge pour une application facile par pulv\u00e9risation.<br \/>\nAvec d\u00e9tecteur UV pour v\u00e9rifier l&rsquo;application par rayonnement ultraviolet.<\/p>\n<\/div>\n<\/div>\n<h4>CARACTERISTIQUES<\/h4>\n<p>Dispersion de polyur\u00e9thane, l&rsquo;addition de catalyseur est recommand\u00e9e.<br \/>\nR\u00e9activation facile en machine et s\u00e9chage rapide.<br \/>\nIl contient des additifs pour la d\u00e9tection UV.<br \/>\nApplication au pistolet spray.<br \/>\nPigment\u00e9 rouge\u00e2tre.<\/p>\n<\/div>\n<\/div>\n<\/div>\n<\/div>\n","protected":false},"excerpt":{"rendered":"<p>COLLE POLYURETHANE EN DISPERSION POUR LA PRESSE \u00c0 MEMBRANE. ROUGE<\/p>\n","protected":false},"featured_media":0,"comment_status":"open","ping_status":"closed","template":"","meta":{"_acf_changed":false},"product_cat":[1576,641,602,644,650],"product_tag":[],"acf":[],"_links":{"self":[{"href":"https:\/\/rayt.com\/fr\/wp-json\/wp\/v2\/product\/5072"}],"collection":[{"href":"https:\/\/rayt.com\/fr\/wp-json\/wp\/v2\/product"}],"about":[{"href":"https:\/\/rayt.com\/fr\/wp-json\/wp\/v2\/types\/product"}],"replies":[{"embeddable":true,"href":"https:\/\/rayt.com\/fr\/wp-json\/wp\/v2\/comments?post=5072"}],"wp:attachment":[{"href":"https:\/\/rayt.com\/fr\/wp-json\/wp\/v2\/media?parent=5072"}],"wp:term":[{"taxonomy":"product_cat","embeddable":true,"href":"https:\/\/rayt.com\/fr\/wp-json\/wp\/v2\/product_cat?post=5072"},{"taxonomy":"product_tag","embeddable":true,"href":"https:\/\/rayt.com\/fr\/wp-json\/wp\/v2\/product_tag?post=5072"}],"curies":[{"name":"wp","href":"https:\/\/api.w.org\/{rel}","templated":true}]}}