{"id":5076,"date":"2020-10-21T07:45:33","date_gmt":"2020-12-29T08:24:43","guid":{"rendered":"http:\/\/rayt.com\/?post_type=product&#038;p=5076"},"modified":"2021-02-22T10:37:47","modified_gmt":"2021-02-22T10:37:47","slug":"laca-acabado-brillante","status":"publish","type":"product","link":"https:\/\/rayt.com\/fr\/producto\/laca-acabado-brillante\/","title":{"rendered":"Laca acabado brillante"},"content":{"rendered":"<div id=\"description_block\">\n<div id=\"description_content\" class=\"rte align_justify\">\n<p>PRODUITS DE FINITION DU BOIS.<\/p>\n<\/div>\n<div id=\"description_content\" class=\"rte align_justify\">\n<p>Laque de nitrocellulose pour bois finition brillante.<br \/>\nS\u00e9chage rapide, transparence et r\u00e9sistance de surface.<br \/>\nLe rendement est de 7-10 m\u00b2\/lt. par couche.<br \/>\nLa dilution est de : 0 \u00e0 10%.<br \/>\nUSAGE INDUSTRIEL SEULEMENT<\/p>\n<\/div>\n<\/div>\n<h4>CARACTERISTIQUES<\/h4>\n<p>Excellentes caract\u00e9ristiques de brillance, transparence, le s\u00e9chage vite l&rsquo;extensibilit\u00e9, la douceur et la r\u00e9sistance m\u00e9canique (rayures, coups, etc) et chimique (produits chimiques m\u00e9nagers).<br \/>\nPour la finition de tous types de meubles ou de surfaces en bois par usage \u00e0 l&rsquo;int\u00e9rieur, avec des processus transparents dans de pores ouverts et ferm\u00e9s.<br \/>\nLaque de nitrocellulose, finition brillante, de grande qualit\u00e9.<\/p>\n","protected":false},"excerpt":{"rendered":"<p>PRODUITS DE FINITION DU BOIS. Laque de nitrocellulose pour bois<\/p>\n","protected":false},"featured_media":5077,"comment_status":"open","ping_status":"closed","template":"","meta":{"_acf_changed":false},"product_cat":[437],"product_tag":[],"acf":[],"_links":{"self":[{"href":"https:\/\/rayt.com\/fr\/wp-json\/wp\/v2\/product\/5076"}],"collection":[{"href":"https:\/\/rayt.com\/fr\/wp-json\/wp\/v2\/product"}],"about":[{"href":"https:\/\/rayt.com\/fr\/wp-json\/wp\/v2\/types\/product"}],"replies":[{"embeddable":true,"href":"https:\/\/rayt.com\/fr\/wp-json\/wp\/v2\/comments?post=5076"}],"wp:featuredmedia":[{"embeddable":true,"href":"https:\/\/rayt.com\/fr\/wp-json\/wp\/v2\/media\/5077"}],"wp:attachment":[{"href":"https:\/\/rayt.com\/fr\/wp-json\/wp\/v2\/media?parent=5076"}],"wp:term":[{"taxonomy":"product_cat","embeddable":true,"href":"https:\/\/rayt.com\/fr\/wp-json\/wp\/v2\/product_cat?post=5076"},{"taxonomy":"product_tag","embeddable":true,"href":"https:\/\/rayt.com\/fr\/wp-json\/wp\/v2\/product_tag?post=5076"}],"curies":[{"name":"wp","href":"https:\/\/api.w.org\/{rel}","templated":true}]}}