{"id":5092,"date":"2020-10-21T07:38:53","date_gmt":"2020-12-29T08:36:14","guid":{"rendered":"http:\/\/rayt.com\/?post_type=product&#038;p=5092"},"modified":"2021-02-22T10:37:02","modified_gmt":"2021-02-22T10:37:02","slug":"laca-tapaporos","status":"publish","type":"product","link":"https:\/\/rayt.com\/fr\/producto\/laca-tapaporos\/","title":{"rendered":"Laca tapaporos"},"content":{"rendered":"<div id=\"description_block\">\n<div id=\"description_content\" class=\"rte align_justify\">\n<div id=\"description_block\">\n<div id=\"description_content\" class=\"rte align_justify\">\n<div id=\"description_block\">\n<div id=\"description_content\" class=\"rte align_justify\">\n<p>PRODUITS DE FINITION DU BOIS.<\/p>\n<\/div>\n<div id=\"description_content\" class=\"rte align_justify\">\n<p>Scellant nitrocellulose pour bois.<br \/>\nHaut pouvoir de remplissage, s\u00e9chage rapide, transparence et pon\u00e7age facile.<br \/>\nLe rendement est de 5-10 m\u00b2\/lt. par couche.<br \/>\nLa dilution est de : 0 \u00e0 75%.<br \/>\nUSAGE INDUSTRIEL SEULEMENT<\/p>\n<\/div>\n<\/div>\n<h4>CARACTERISTIQUES<\/h4>\n<p>Pour l&rsquo;\u00e9tanch\u00e9it\u00e9 de tous types de meubles ou de surfaces en bois par usage \u00e0 l&rsquo;int\u00e9rieur, avec des processus transparents dans de pores ouverts ou demi-ferm\u00e9s.<br \/>\nComme fond d&rsquo;\u00e9tanch\u00e9it\u00e9 \u00e0 poncer pour finir avec de laques de nitrocellulose ou vernis synth\u00e9tiques.<br \/>\n\u00c9galement appropri\u00e9 en tant que produit de double couche (bas-finis) ou pour la finition \u00e0 cire.<br \/>\nLaque nitrocellulose de haute qualit\u00e9.<\/p>\n<\/div>\n<\/div>\n<\/div>\n<\/div>\n","protected":false},"excerpt":{"rendered":"<p>PRODUITS DE FINITION DU BOIS. Scellant nitrocellulose pour bois. Haut<\/p>\n","protected":false},"featured_media":5095,"comment_status":"open","ping_status":"closed","template":"","meta":{"_acf_changed":false},"product_cat":[437],"product_tag":[],"acf":[],"_links":{"self":[{"href":"https:\/\/rayt.com\/fr\/wp-json\/wp\/v2\/product\/5092"}],"collection":[{"href":"https:\/\/rayt.com\/fr\/wp-json\/wp\/v2\/product"}],"about":[{"href":"https:\/\/rayt.com\/fr\/wp-json\/wp\/v2\/types\/product"}],"replies":[{"embeddable":true,"href":"https:\/\/rayt.com\/fr\/wp-json\/wp\/v2\/comments?post=5092"}],"wp:featuredmedia":[{"embeddable":true,"href":"https:\/\/rayt.com\/fr\/wp-json\/wp\/v2\/media\/5095"}],"wp:attachment":[{"href":"https:\/\/rayt.com\/fr\/wp-json\/wp\/v2\/media?parent=5092"}],"wp:term":[{"taxonomy":"product_cat","embeddable":true,"href":"https:\/\/rayt.com\/fr\/wp-json\/wp\/v2\/product_cat?post=5092"},{"taxonomy":"product_tag","embeddable":true,"href":"https:\/\/rayt.com\/fr\/wp-json\/wp\/v2\/product_tag?post=5092"}],"curies":[{"name":"wp","href":"https:\/\/api.w.org\/{rel}","templated":true}]}}