{"id":5093,"date":"2020-10-26T11:14:17","date_gmt":"2020-12-29T08:37:55","guid":{"rendered":"http:\/\/rayt.com\/?post_type=product&#038;p=5093"},"modified":"2021-03-01T11:31:13","modified_gmt":"2021-03-01T11:31:13","slug":"novopren-kit-base-disolvente","status":"publish","type":"product","link":"https:\/\/rayt.com\/fr\/producto\/novopren-kit-base-disolvente\/","title":{"rendered":"Novopren kit base disolvente"},"content":{"rendered":"<p>COLLE EN BASE SOLVANT EN CARTOUCHE POUR ENCOLLER DIVERS MATERIAUX.<br \/>\nAdh\u00e9sif de contact en base solvant en cartouche pour les carreaux de plafond, le carrelage, la c\u00e9ramique, les panneaux de particules, le bois, la pierre naturelle et d&rsquo;autres substrats. Remplace les clous et les vis dans le b\u00e9ton. Ne pas utiliser avec POLYSTYRENE EXPANS\u00c9.<\/p>\n<h4>CARACTERISTIQUES<\/h4>\n<p>Pour rejoindre le bois et les socles en PVC, les mousses isolantes (PU, ph\u00e9noliques, mais pas le polystyr\u00e8ne), les panneaux de particules, les plaques de pl\u00e2tre, le contreplaqu\u00e9, la fibre de verre, etc., dans le b\u00e9ton, le bois, le pl\u00e2tre, le m\u00e9tal et les produits de calfeutrage.<br \/>\nIl peut \u00eatre utilis\u00e9 pour assurer l&rsquo;\u00e9tanch\u00e9it\u00e9 dans la r\u00e9paration automobile, applicable \u00e0 la brosse ou \u00e0 la spatule. Il est particuli\u00e8rement recommand\u00e9 pour la protection de soudage, des jointes et des rev\u00eatements.<br \/>\nParticuli\u00e8rement recommand\u00e9 pour l\u0092&rsquo;encollage des mat\u00e9riaux isolants (PSE, mousse PU, laine de roche, fibre de verre, ..) sur des substrats poreux (b\u00e9ton, bois, pl\u00e2tre, &#8230;).<br \/>\nL&rsquo;adh\u00e9rence initiale est forte, mais la r\u00e9sistance final arrive jusqu&rsquo;apr\u00e8s 48 heures d&rsquo;application.<\/p>\n","protected":false},"excerpt":{"rendered":"<p>COLLE EN BASE SOLVANT EN CARTOUCHE POUR ENCOLLER DIVERS MATERIAUX.<\/p>\n","protected":false},"featured_media":5094,"comment_status":"open","ping_status":"closed","template":"","meta":{"_acf_changed":false},"product_cat":[388,317],"product_tag":[],"acf":[],"_links":{"self":[{"href":"https:\/\/rayt.com\/fr\/wp-json\/wp\/v2\/product\/5093"}],"collection":[{"href":"https:\/\/rayt.com\/fr\/wp-json\/wp\/v2\/product"}],"about":[{"href":"https:\/\/rayt.com\/fr\/wp-json\/wp\/v2\/types\/product"}],"replies":[{"embeddable":true,"href":"https:\/\/rayt.com\/fr\/wp-json\/wp\/v2\/comments?post=5093"}],"wp:featuredmedia":[{"embeddable":true,"href":"https:\/\/rayt.com\/fr\/wp-json\/wp\/v2\/media\/5094"}],"wp:attachment":[{"href":"https:\/\/rayt.com\/fr\/wp-json\/wp\/v2\/media?parent=5093"}],"wp:term":[{"taxonomy":"product_cat","embeddable":true,"href":"https:\/\/rayt.com\/fr\/wp-json\/wp\/v2\/product_cat?post=5093"},{"taxonomy":"product_tag","embeddable":true,"href":"https:\/\/rayt.com\/fr\/wp-json\/wp\/v2\/product_tag?post=5093"}],"curies":[{"name":"wp","href":"https:\/\/api.w.org\/{rel}","templated":true}]}}