{"id":5102,"date":"2020-10-22T08:02:28","date_gmt":"2020-12-29T08:44:00","guid":{"rendered":"http:\/\/rayt.com\/?post_type=product&#038;p=5102"},"modified":"2021-02-25T09:03:01","modified_gmt":"2021-02-25T09:03:01","slug":"pu-50","status":"publish","type":"product","link":"https:\/\/rayt.com\/fr\/producto\/pu-50\/","title":{"rendered":"PU-50"},"content":{"rendered":"<div id=\"description_block\">\n<div id=\"description_content\" class=\"rte align_justify\">\n<div id=\"description_block\">\n<div id=\"description_content\" class=\"rte align_justify\">\n<div id=\"description_block\">\n<div id=\"description_content\" class=\"rte align_justify\">\n<p>ADH\u00c9SIF-SC\u00c9LLANT POLYUR\u00c9THANE EN CARTOUCHE POUR ENCOLLAGES DANS L&rsquo;INDUSTRIE DU B\u00c2TIMENT ET DE L&rsquo;AUTOMOBILE.<\/p>\n<\/div>\n<div id=\"description_content\" class=\"rte align_justify\">\n<p>Mastic polyur\u00e9thane mono composant haut module pour encollages dans l&rsquo;industrie de la construction et de l&rsquo;automobile.<\/p>\n<\/div>\n<\/div>\n<h4>CARACTERISTIQUES<\/h4>\n<p>Mastic polyur\u00e9thane mono composant \u00e9lastique de hautes prestations, rapide, durcissable par humidit\u00e9.<br \/>\nIl peut \u00eatre utilis\u00e9 pour l&rsquo;encollage et le calfeutrage de diff\u00e9rents mat\u00e9riaux.<br \/>\nPeut \u00eatre peint avec tous les types de peintures conventionnelles.<br \/>\nR\u00e9sistance thermique de -90\u00b0C jusqu&rsquo;\u00e0 90\u00b0C<br \/>\nCouleur blanche.<\/p>\n<\/div>\n<\/div>\n<\/div>\n<\/div>\n","protected":false},"excerpt":{"rendered":"<p>ADH\u00c9SIF-SC\u00c9LLANT POLYUR\u00c9THANE EN CARTOUCHE POUR ENCOLLAGES DANS L&rsquo;INDUSTRIE DU B\u00c2TIMENT<\/p>\n","protected":false},"featured_media":5103,"comment_status":"open","ping_status":"closed","template":"","meta":{"_acf_changed":false},"product_cat":[],"product_tag":[],"acf":[],"_links":{"self":[{"href":"https:\/\/rayt.com\/fr\/wp-json\/wp\/v2\/product\/5102"}],"collection":[{"href":"https:\/\/rayt.com\/fr\/wp-json\/wp\/v2\/product"}],"about":[{"href":"https:\/\/rayt.com\/fr\/wp-json\/wp\/v2\/types\/product"}],"replies":[{"embeddable":true,"href":"https:\/\/rayt.com\/fr\/wp-json\/wp\/v2\/comments?post=5102"}],"wp:featuredmedia":[{"embeddable":true,"href":"https:\/\/rayt.com\/fr\/wp-json\/wp\/v2\/media\/5103"}],"wp:attachment":[{"href":"https:\/\/rayt.com\/fr\/wp-json\/wp\/v2\/media?parent=5102"}],"wp:term":[{"taxonomy":"product_cat","embeddable":true,"href":"https:\/\/rayt.com\/fr\/wp-json\/wp\/v2\/product_cat?post=5102"},{"taxonomy":"product_tag","embeddable":true,"href":"https:\/\/rayt.com\/fr\/wp-json\/wp\/v2\/product_tag?post=5102"}],"curies":[{"name":"wp","href":"https:\/\/api.w.org\/{rel}","templated":true}]}}