{"id":5111,"date":"2020-10-26T11:01:04","date_gmt":"2020-12-29T08:54:16","guid":{"rendered":"http:\/\/rayt.com\/?post_type=product&#038;p=5111"},"modified":"2021-02-22T11:42:15","modified_gmt":"2021-02-22T11:42:15","slug":"novopren-kit-base-agua","status":"publish","type":"product","link":"https:\/\/rayt.com\/fr\/producto\/novopren-kit-base-agua\/","title":{"rendered":"Novopren kit base agua"},"content":{"rendered":"<p>COLLE EN BASE D&rsquo;EAU EN CARTOUCHE POUR ENCOLLER POLYSTYR\u00c8NE EXPANS\u00c9 (POREXPAN), CARTON, ETC.\u0085<br \/>\nAdh\u00e9sif de contact en base d&rsquo;eau en cartouche pour encoller les carreaux de plafond, carrelage, c\u00e9ramique, panneaux de particules, bois, pierre naturelle, divers substrats. Remplace les clous et les vis dans le b\u00e9ton.<\/p>\n<h4>CARACTERISTIQUES<\/h4>\n<p>Il peut \u00eatre utilis\u00e9 dans des \u00e9l\u00e9ments d\u00e9coratifs (moulures, rosaces, corniches, etc.)<br \/>\nUne fois sec, il peut \u00eatre peint.<\/p>\n","protected":false},"excerpt":{"rendered":"<p>COLLE EN BASE D&rsquo;EAU EN CARTOUCHE POUR ENCOLLER POLYSTYR\u00c8NE EXPANS\u00c9<\/p>\n","protected":false},"featured_media":5113,"comment_status":"open","ping_status":"closed","template":"","meta":{"_acf_changed":false},"product_cat":[],"product_tag":[],"acf":[],"_links":{"self":[{"href":"https:\/\/rayt.com\/fr\/wp-json\/wp\/v2\/product\/5111"}],"collection":[{"href":"https:\/\/rayt.com\/fr\/wp-json\/wp\/v2\/product"}],"about":[{"href":"https:\/\/rayt.com\/fr\/wp-json\/wp\/v2\/types\/product"}],"replies":[{"embeddable":true,"href":"https:\/\/rayt.com\/fr\/wp-json\/wp\/v2\/comments?post=5111"}],"wp:featuredmedia":[{"embeddable":true,"href":"https:\/\/rayt.com\/fr\/wp-json\/wp\/v2\/media\/5113"}],"wp:attachment":[{"href":"https:\/\/rayt.com\/fr\/wp-json\/wp\/v2\/media?parent=5111"}],"wp:term":[{"taxonomy":"product_cat","embeddable":true,"href":"https:\/\/rayt.com\/fr\/wp-json\/wp\/v2\/product_cat?post=5111"},{"taxonomy":"product_tag","embeddable":true,"href":"https:\/\/rayt.com\/fr\/wp-json\/wp\/v2\/product_tag?post=5111"}],"curies":[{"name":"wp","href":"https:\/\/api.w.org\/{rel}","templated":true}]}}