{"id":5112,"date":"2020-10-21T09:37:50","date_gmt":"2020-12-29T08:56:13","guid":{"rendered":"http:\/\/rayt.com\/?post_type=product&#038;p=5112"},"modified":"2021-02-22T10:30:10","modified_gmt":"2021-02-22T10:30:10","slug":"conrayt-p-3000-satinada","status":"publish","type":"product","link":"https:\/\/rayt.com\/fr\/producto\/conrayt-p-3000-satinada\/","title":{"rendered":"Conrayt P-3000 Satinada"},"content":{"rendered":"<div id=\"description_block\">\n<div id=\"description_content\" class=\"rte align_justify\">\n<div id=\"description_block\">\n<div id=\"description_content\" class=\"rte align_justify\">\n<p>REV\u00caTEMENT PLASTIQUE POUR LA D\u00c9CORATION OU PROTECTION DE SURFACES INT\u00c9RIEURES ET EXT\u00c9RIEURES.<\/p>\n<\/div>\n<div id=\"description_content\" class=\"rte align_justify\">\n<p>Peinture plastique int\u00e9rieur-ext\u00e9rieur, d&rsquo;excellentes performances, couverture et blancheur.<br \/>\nFinition satin\u00e9 et lisse au toucher.<br \/>\nR\u00e9sistant \u00e0 l&rsquo;abrasion et lavable.<\/p>\n<\/div>\n<\/div>\n<h4>CARACTERISTIQUES<\/h4>\n<p>Tr\u00e8s facile \u00e0 appliquer, propri\u00e9t\u00e9s antiarrosage, pratiquement inodore, une grande couverture, bon nivellement, de haute performance, Finition supermatt, lavable et ne marque pas les coupures et les joints mastic.<br \/>\nConvient pour la protection de surface int\u00e9rieur ou ext\u00e9rieur en pl\u00e2tre, plaques de pl\u00e2tre, pl\u00e2tre, b\u00e9ton et d&rsquo;autres mat\u00e9riaux de la construction.<br \/>\nRendement th\u00e9orique: 10-12 m2 par litre et couche.<br \/>\nAvec la protection de la moisissure.<br \/>\nTeneur maximale en COV: 20 g \/ l.<br \/>\nPeinture acrylique mat \u00e0 l&rsquo;eau.<\/p>\n<\/div>\n<\/div>\n","protected":false},"excerpt":{"rendered":"<p>REV\u00caTEMENT PLASTIQUE POUR LA D\u00c9CORATION OU PROTECTION DE SURFACES INT\u00c9RIEURES<\/p>\n","protected":false},"featured_media":5397,"comment_status":"open","ping_status":"closed","template":"","meta":{"_acf_changed":false},"product_cat":[437],"product_tag":[],"acf":[],"_links":{"self":[{"href":"https:\/\/rayt.com\/fr\/wp-json\/wp\/v2\/product\/5112"}],"collection":[{"href":"https:\/\/rayt.com\/fr\/wp-json\/wp\/v2\/product"}],"about":[{"href":"https:\/\/rayt.com\/fr\/wp-json\/wp\/v2\/types\/product"}],"replies":[{"embeddable":true,"href":"https:\/\/rayt.com\/fr\/wp-json\/wp\/v2\/comments?post=5112"}],"wp:featuredmedia":[{"embeddable":true,"href":"https:\/\/rayt.com\/fr\/wp-json\/wp\/v2\/media\/5397"}],"wp:attachment":[{"href":"https:\/\/rayt.com\/fr\/wp-json\/wp\/v2\/media?parent=5112"}],"wp:term":[{"taxonomy":"product_cat","embeddable":true,"href":"https:\/\/rayt.com\/fr\/wp-json\/wp\/v2\/product_cat?post=5112"},{"taxonomy":"product_tag","embeddable":true,"href":"https:\/\/rayt.com\/fr\/wp-json\/wp\/v2\/product_tag?post=5112"}],"curies":[{"name":"wp","href":"https:\/\/api.w.org\/{rel}","templated":true}]}}