{"id":5116,"date":"2020-10-26T08:44:28","date_gmt":"2020-12-29T08:54:35","guid":{"rendered":"http:\/\/rayt.com\/?post_type=product&#038;p=5116"},"modified":"2021-02-22T10:29:48","modified_gmt":"2021-02-22T10:29:48","slug":"conrayt-p-3000-mate-blanco-nieve","status":"publish","type":"product","link":"https:\/\/rayt.com\/fr\/producto\/conrayt-p-3000-mate-blanco-nieve\/","title":{"rendered":"Conrayt P-3000 Mate Blanco Nieve"},"content":{"rendered":"<div id=\"description_block\">\n<div id=\"description_content\" class=\"rte align_justify\">\n<div id=\"description_block\">\n<div id=\"description_content\" class=\"rte align_justify\">\n<div id=\"description_block\">\n<div id=\"description_content\" class=\"rte align_justify\">\n<p>REV\u00caTEMENT PLASTIQUE POUR LA D\u00c9CORATION OU PROTECTION DE SURFACES INT\u00c9RIEURS ET EXT\u00c9RIEURS.<\/p>\n<\/div>\n<div id=\"description_content\" class=\"rte align_justify\">\n<p>Peinture plastique int\u00e9rieur et ext\u00e9rieur, d&rsquo;application \u00e0 pinceau, rouleau \u00e0 pistolet, performance 10-12 m\u00b2\/lt\/couche, dilution maximum 0-5% avec de l&rsquo;eau, couverture et blancheur.<br \/>\nR\u00e9sistant \u00e0 l&rsquo;abrasion et lavable.<br \/>\nIntervalle entre couches: 2-3 heures.<\/p>\n<\/div>\n<\/div>\n<h4>CARACTERISTIQUES<\/h4>\n<p>Tr\u00e8s facile \u00e0 appliquer, propri\u00e9t\u00e9s antiarrosage, pratiquement inodore, une grande couverture, bon nivellement, de haute performance, Finition supermatt, lavable et ne marque pas les coupures et les joints mastic.<br \/>\nConvient pour la protection de surface int\u00e9rieur ou ext\u00e9rieur en pl\u00e2tre, plaques de pl\u00e2tre, pl\u00e2tre, b\u00e9ton et autres mat\u00e9riaux de construction.<br \/>\nRendement th\u00e9orique: 10-12 m2 par litre et couche.<br \/>\nAvec la protection de la moisissure.<br \/>\nTeneur maximale en COV: 20 g \/ l.<br \/>\nPeinture acrylique mat \u00e0 l&rsquo;eau.<\/p>\n<\/div>\n<\/div>\n<\/div>\n<\/div>\n","protected":false},"excerpt":{"rendered":"<p>REV\u00caTEMENT PLASTIQUE POUR LA D\u00c9CORATION OU PROTECTION DE SURFACES INT\u00c9RIEURS<\/p>\n","protected":false},"featured_media":5393,"comment_status":"open","ping_status":"closed","template":"","meta":{"_acf_changed":false},"product_cat":[437],"product_tag":[],"acf":[],"_links":{"self":[{"href":"https:\/\/rayt.com\/fr\/wp-json\/wp\/v2\/product\/5116"}],"collection":[{"href":"https:\/\/rayt.com\/fr\/wp-json\/wp\/v2\/product"}],"about":[{"href":"https:\/\/rayt.com\/fr\/wp-json\/wp\/v2\/types\/product"}],"replies":[{"embeddable":true,"href":"https:\/\/rayt.com\/fr\/wp-json\/wp\/v2\/comments?post=5116"}],"wp:featuredmedia":[{"embeddable":true,"href":"https:\/\/rayt.com\/fr\/wp-json\/wp\/v2\/media\/5393"}],"wp:attachment":[{"href":"https:\/\/rayt.com\/fr\/wp-json\/wp\/v2\/media?parent=5116"}],"wp:term":[{"taxonomy":"product_cat","embeddable":true,"href":"https:\/\/rayt.com\/fr\/wp-json\/wp\/v2\/product_cat?post=5116"},{"taxonomy":"product_tag","embeddable":true,"href":"https:\/\/rayt.com\/fr\/wp-json\/wp\/v2\/product_tag?post=5116"}],"curies":[{"name":"wp","href":"https:\/\/api.w.org\/{rel}","templated":true}]}}