{"id":5122,"date":"2020-10-26T08:49:30","date_gmt":"2020-12-29T09:09:13","guid":{"rendered":"http:\/\/rayt.com\/?post_type=product&#038;p=5122"},"modified":"2021-02-22T10:29:17","modified_gmt":"2021-02-22T10:29:17","slug":"conrayt-p-3000-mate-blanco-seda","status":"publish","type":"product","link":"https:\/\/rayt.com\/fr\/producto\/conrayt-p-3000-mate-blanco-seda\/","title":{"rendered":"Conrayt P-3000 Mate Blanco Seda"},"content":{"rendered":"<p>REV\u00caTEMENT PLASTIQUE POUR LA D\u00c9CORATION OU PROTECTION DE SURFACES INT\u00c9RIEURS ET EXT\u00c9RIEURS.<br \/>\nPeinture plastique int\u00e9rieur et ext\u00e9rieur, d&rsquo;application \u00e0 pinceau, rouleau \u00e0 pistolet, performance 10-12 m\u00b2\/lt\/couche, dilution maximum 0-5% avec de l&rsquo;eau, couverture et blancheur.<br \/>\nR\u00e9sistant \u00e0 l&rsquo;abrasion et lavable.<br \/>\nIntervalle entre couches: 2-3 heures.<\/p>\n<h4>CARACTERISTIQUES<\/h4>\n<p>Excellentes propri\u00e9t\u00e9s de thixotropie et de viscosit\u00e9, rendement \u00e9lev\u00e9, excellente lavabilit\u00e9, couverture en humide et sec, blancheur et r\u00e9sistance \u00e0 l&rsquo;ext\u00e9rieur, application \u00e0 rouleau facile, et \u00e9vites l&rsquo;affaissement et les \u00e9claboussures.<br \/>\nEffet d\u00e9coratif \u00e9lev\u00e9, touche agr\u00e9able et l\u00e9ger reflet satin\u00e9.<br \/>\nRendement th\u00e9orique: 10-12 m2 par litre et couche.<br \/>\nAvec protection anti moisissure.<br \/>\nTeneur maximale en VOC: 20 g\/l.<br \/>\nPeinture acrylique mat \u00e0 l&rsquo;eau.<\/p>\n","protected":false},"excerpt":{"rendered":"<p>REV\u00caTEMENT PLASTIQUE POUR LA D\u00c9CORATION OU PROTECTION DE SURFACES INT\u00c9RIEURS<\/p>\n","protected":false},"featured_media":5123,"comment_status":"open","ping_status":"closed","template":"","meta":{"_acf_changed":false},"product_cat":[437],"product_tag":[],"acf":[],"_links":{"self":[{"href":"https:\/\/rayt.com\/fr\/wp-json\/wp\/v2\/product\/5122"}],"collection":[{"href":"https:\/\/rayt.com\/fr\/wp-json\/wp\/v2\/product"}],"about":[{"href":"https:\/\/rayt.com\/fr\/wp-json\/wp\/v2\/types\/product"}],"replies":[{"embeddable":true,"href":"https:\/\/rayt.com\/fr\/wp-json\/wp\/v2\/comments?post=5122"}],"wp:featuredmedia":[{"embeddable":true,"href":"https:\/\/rayt.com\/fr\/wp-json\/wp\/v2\/media\/5123"}],"wp:attachment":[{"href":"https:\/\/rayt.com\/fr\/wp-json\/wp\/v2\/media?parent=5122"}],"wp:term":[{"taxonomy":"product_cat","embeddable":true,"href":"https:\/\/rayt.com\/fr\/wp-json\/wp\/v2\/product_cat?post=5122"},{"taxonomy":"product_tag","embeddable":true,"href":"https:\/\/rayt.com\/fr\/wp-json\/wp\/v2\/product_tag?post=5122"}],"curies":[{"name":"wp","href":"https:\/\/api.w.org\/{rel}","templated":true}]}}